{"id":4475,"date":"2018-03-21T08:58:44","date_gmt":"2018-03-21T05:58:44","guid":{"rendered":"http:\/\/sarto.edge-themes.com\/?page_id=9"},"modified":"2024-12-04T16:09:17","modified_gmt":"2024-12-04T13:09:17","slug":"sikca-sorulan-sorular","status":"publish","type":"page","link":"https:\/\/meshyazilim.com\/tr\/sikca-sorulan-sorular\/","title":{"rendered":"S\u0131k\u00e7a Sorulan Sorular"},"content":{"rendered":"<p>[vc_row row_content_width=&#8221;grid&#8221; css=&#8221;.vc_custom_1521814158046{padding-top: 100px !important;}&#8221;][vc_column offset=&#8221;vc_col-lg-6 vc_col-md-12&#8243;]<div class=\"edgtf-elements-holder   edgtf-one-column  edgtf-responsive-mode-768 \" ><div class=\"edgtf-eh-item     \"  data-item-class=\"edgtf-eh-custom-9517\" data-769-1024=\"0% 30% 0 0\" data-681-768=\"0 2% 0 0\" data-680=\"0 0\">\n\t<div class=\"edgtf-eh-item-inner\">\n\t\t<div class=\"edgtf-eh-item-content edgtf-eh-custom-9517\" style=\"padding: 14% 0 0 0\">\n\t\t\t[vc_column_text]<\/p>\n<h3>Web tasar\u0131m t\u00fczel veya ger\u00e7ek ki\u015filerin marka tan\u0131t\u0131m\u0131, marka bilinirli\u011fi i\u00e7in tasarlanan online sitelerdir<\/h3>\n<p>[\/vc_column_text][vc_empty_space height=&#8221;25px&#8221;]<div class=\"edgtf-tabs  edgtf-tabs-standard\">\n\t<ul class=\"edgtf-tabs-nav clearfix\">\n\t\t\t\t\t<li>\n\t\t\t\t\t\t\t\t\t<a href=\"#tab-1\">1<\/a>\n\t\t\t\t\t\t\t<\/li>\n\t\t\t\t\t<li>\n\t\t\t\t\t\t\t\t\t<a href=\"#tab-2\">2<\/a>\n\t\t\t\t\t\t\t<\/li>\n\t\t\t\t\t<li>\n\t\t\t\t\t\t\t\t\t<a href=\"#tab-3\">3<\/a>\n\t\t\t\t\t\t\t<\/li>\n\t\t\t<\/ul>\n\t<div class=\"edgtf-tab-container\" id=\"tab-1-906\">[vc_column_text]<strong>Web sitesi yapt\u0131rmadan \u00f6nce ne yapmal\u0131y\u0131m?<\/strong><br \/>\n\u0130lk \u00f6nce dok\u00fcman ve g\u00f6rsellerinizi haz\u0131rlay\u0131n. Web sitesini kim yapar, ne kadara yapar, nas\u0131l yapardan ziyade elinizdeki malzemeleri ortaya d\u00f6k\u00fcn. Firman\u0131z\u0131n tarih\u00e7esi, vizyonu, misyonu, firman\u0131z\u0131n g\u00f6rselleri, \u00fcr\u00fcnlerinizin g\u00f6rselleri, \u00fcr\u00fcnlerinizin dok\u00fcman\u0131, ileti\u015fim bilgileriniz, tan\u0131t\u0131mlar\u0131n\u0131z, reklamlar\u0131n\u0131z, videolar\u0131n\u0131z v.s. hepsinin bir ar\u015fivini yap\u0131n. Bu sizin i\u00e7in yapman\u0131z gereken en \u00f6nemli i\u015f, \u00e7\u00fcnk\u00fc i\u015finizin teslim s\u00fcrecini yakla\u015f\u0131k 10 ya da 15 g\u00fcn daha erkene al\u0131yor.[\/vc_column_text]<\/div><div class=\"edgtf-tab-container\" id=\"tab-2-837\">[vc_column_text]<strong>Domain Nedir? Nas\u0131l Al\u0131n\u0131r? Ne Bilmeliyim?<\/strong><br \/>\nDomain(alan ad\u0131) kelimesini ara\u015ft\u0131rmaya ba\u015flad\u0131ysan\u0131z o zaman internet sitesi kurdurmak i\u00e7in kararl\u0131s\u0131n\u0131z demektir. Domain&#8217; in T\u00fcrk\u00e7e kar\u015f\u0131l\u0131\u011f\u0131 alan ad\u0131 demektir. Domain, \u0130nternet&#8217;e bilgi sunan bir web sitenin veya hizmetin ad\u0131d\u0131r. www.ekipart.com bir alan ad\u0131 yani domain&#8217;dir. Domainler kay\u0131tl\u0131 isimlerdir ve \u015firketler genelde kendi \u015firketlerinin isminde domain al\u0131rlar. Bir domainin sonunda com, net, org, com.tr, net.tr gibi uzant\u0131lar yer al\u0131r. Bu adreslerden birisi olmadan ziyaret\u00e7iler sitemize ula\u015famazlar[\/vc_column_text]<\/div><div class=\"edgtf-tab-container\" id=\"tab-3-372\">[vc_column_text]<strong>Web sitemizin maliyeti ne olur?<\/strong><br \/>\nWeb siteleri s\u0131n\u0131rs\u0131zca geni\u015fletilebilir yap\u0131da olduklar\u0131ndan, geni\u015f i\u00e7eri\u011fe sahip bir web sitesinde, web tasar\u0131mc\u0131 zaman\u0131n\u0131n b\u00fcy\u00fck b\u00f6l\u00fcm\u00fcn\u00fc i\u00e7eri\u011fin yerle\u015ftirilmesi i\u00e7in harcar. Ayr\u0131ca, \u00f6rne\u011fin web sitenizde olmas\u0131n\u0131 istedi\u011finiz baz\u0131 nitelikler i\u00e7in size \u00f6zel kodlar yaz\u0131lmas\u0131 gerekebilir. Bu gibi nedenlerle web sitesi tasar\u0131m\u0131nda, yap\u0131lacak projeyi g\u00f6rmeden ortalama bir fiyat bile vermek m\u00fcmk\u00fcn de\u011fildir. Web tasar\u0131m\u0131n\u0131z konusunda fiyat verebilmemiz i\u00e7in \u00f6ncelikle ne t\u00fcrde bir \u00e7al\u0131\u015fma istedi\u011finizi \u00f6\u011frenmeli ve i\u00e7eri\u011finiz hakk\u0131nda fikir sahibi olmal\u0131y\u0131z.[\/vc_column_text]<\/div><\/div>\t\t<\/div>\n\t<\/div>\n\t\t<\/div><\/div>[\/vc_column][vc_column offset=&#8221;vc_col-lg-6 vc_col-md-12&#8243;]<div class=\"edgtf-elements-holder   edgtf-one-column  edgtf-responsive-mode-768 \" ><div class=\"edgtf-eh-item     \"  data-item-class=\"edgtf-eh-custom-1522\" data-769-1024=\"30px 40% 0 10%\" data-681-768=\"10px 20% 0 18%\" data-680=\"40px 0 0 6%\">\n\t<div class=\"edgtf-eh-item-inner\">\n\t\t<div class=\"edgtf-eh-item-content edgtf-eh-custom-1522\" style=\"padding: 0 0 0 12%\">\n\t\t\t<div class=\"edgtf-single-image-holder   \">\n    <div class=\"edgtf-si-inner\" >\n                                                            <\/div>\n<\/div>\t\t<\/div>\n\t<\/div>\n\t\t<\/div><\/div>[\/vc_column][\/vc_row][vc_row row_content_width=&#8221;grid&#8221; css=&#8221;.vc_custom_1522324064304{padding-top: 96px !important;padding-bottom: 90px !important;}&#8221; simple_background_color=&#8221;#f2f1f1&#8243;][vc_column offset=&#8221;vc_col-lg-6 vc_col-md-12&#8243;][vc_column_text]<\/p>\n<h3>Sorulardan Baz\u0131lar\u0131<\/h3>\n<p>[\/vc_column_text][vc_empty_space height=&#8221;25px&#8221;]<div class=\"edgtf-accordion-holder edgtf-ac-default  edgtf-accordion edgtf-ac-boxed  clearfix\">\n\t<h6 class=\"edgtf-accordion-title\">\n\t<span class=\"edgtf-tab-title\">Web sitemizi kendimiz g\u00fcncelleyebilecek miyiz?<\/span>\n    <span class=\"edgtf-accordion-mark\">\n\t\t<span class=\"edgtf-accordion-mark-icon\">\n\t\t\t<span class=\"icon_plus\"><\/span>\n\t\t\t<span class=\"icon_close\"><\/span>\n\t\t<\/span>\n\t<\/span>\n<\/h6>\n<div class=\"edgtf-accordion-content\">\n\t<div class=\"edgtf-accordion-content-inner\">\n\t\t[vc_column_text]Evet, dinamik web sitelerinde sitenizi kendiniz diledi\u011finizce g\u00fcncelleyebilir ve geni\u015fletebilirsiniz.[\/vc_column_text]\t<\/div>\n<\/div><h6 class=\"edgtf-accordion-title\">\n\t<span class=\"edgtf-tab-title\">Web sitemizin tasar\u0131m\u0131n\u0131 ne s\u0131kl\u0131kla yenilemeliyiz?<\/span>\n    <span class=\"edgtf-accordion-mark\">\n\t\t<span class=\"edgtf-accordion-mark-icon\">\n\t\t\t<span class=\"icon_plus\"><\/span>\n\t\t\t<span class=\"icon_close\"><\/span>\n\t\t<\/span>\n\t<\/span>\n<\/h6>\n<div class=\"edgtf-accordion-content\">\n\t<div class=\"edgtf-accordion-content-inner\">\n\t\t[vc_column_text]Modern, dinamik web sitelerinde, site altyap\u0131s\u0131nda kullan\u0131lan i\u00e7erik y\u00f6netim sistemi yaz\u0131l\u0131mlar\u0131 kendilerini g\u00fcncelleyebilir yap\u0131dad\u0131r. \u00d6te yandan, internet teknolojileri h\u0131zla geli\u015fti\u011fi i\u00e7in bu yaz\u0131l\u0131mlar bir s\u00fcre sonra mevcut s\u00fcr\u00fcmlerinde k\u00fc\u00e7\u00fck g\u00fcncellemeler ile devam etmek yerine, maj\u00f6r s\u00fcr\u00fcm y\u00fckseltmeleri yaparak mevcut teknolojilere ayak uydururlar. Bu, sizin kullanmakta oldu\u011funuz i\u00e7erik y\u00f6netim sistemi i\u00e7in art\u0131k g\u00fcncelle\u015ftirme yay\u0131nlanmayacak anlam\u0131na gelir. Bu noktada web sitenizi yenilemeniz tavsiye edilir. Aksi taktirde g\u00fcvenlik a\u00e7\u0131klar\u0131 ortaya \u00e7\u0131kabilece\u011fi gibi, zamanla sunucu \u00fczerindeki di\u011fer yaz\u0131l\u0131mlarla uyumsuzluk meydana gelece\u011fi i\u00e7in web siteniz t\u00fcmden \u00e7al\u0131\u015fmaz hale de gelebilir.[\/vc_column_text]\t<\/div>\n<\/div><h6 class=\"edgtf-accordion-title\">\n\t<span class=\"edgtf-tab-title\">Web tasar\u0131mc\u0131m\u0131z\u0131 bulundu\u011fumuz \u015fehirden se\u00e7memiz \u015fart m\u0131?<\/span>\n    <span class=\"edgtf-accordion-mark\">\n\t\t<span class=\"edgtf-accordion-mark-icon\">\n\t\t\t<span class=\"icon_plus\"><\/span>\n\t\t\t<span class=\"icon_close\"><\/span>\n\t\t<\/span>\n\t<\/span>\n<\/h6>\n<div class=\"edgtf-accordion-content\">\n\t<div class=\"edgtf-accordion-content-inner\">\n\t\t[vc_column_text]Web tasar\u0131mc\u0131n\u0131z\u0131n bulundu\u011funuz \u015fehirde, hatta bulundu\u011funuz \u00fclkede olmas\u0131 gibi bir zorunluluk kesinlikle yoktur. \u0130yi bir web tasar\u0131mc\u0131 i\u015fi gere\u011fi ba\u015fta internet olmak \u00fczere t\u00fcm ileti\u015fim ara\u00e7lar\u0131n\u0131 son derece iyi kullan\u0131r. Web sitelerinin hammaddesi olan i\u00e7eri\u011finizi web tasar\u0131mc\u0131n\u0131za internet yoluyla ula\u015ft\u0131rabilir, web tasar\u0131mc\u0131n\u0131z ile hi\u00e7 y\u00fcz y\u00fcze gelmenize gerek olmadan web \u00e7al\u0131\u015fman\u0131z\u0131n nas\u0131l ilerledi\u011fini yine internet \u00fczerinden takip edebilirsiniz. \u00d6nemli olan web tasar\u0131mc\u0131n\u0131z\u0131n nerede oldu\u011fu de\u011fil, i\u015fini ne kadar iyi yapt\u0131\u011f\u0131d\u0131r.[\/vc_column_text]\t<\/div>\n<\/div><h6 class=\"edgtf-accordion-title\">\n\t<span class=\"edgtf-tab-title\">E-Ticaret sisteminizde \u00f6zel tasar\u0131m yapt\u0131rabilir miyim?<\/span>\n    <span class=\"edgtf-accordion-mark\">\n\t\t<span class=\"edgtf-accordion-mark-icon\">\n\t\t\t<span class=\"icon_plus\"><\/span>\n\t\t\t<span class=\"icon_close\"><\/span>\n\t\t<\/span>\n\t<\/span>\n<\/h6>\n<div class=\"edgtf-accordion-content\">\n\t<div class=\"edgtf-accordion-content-inner\">\n\t\t[vc_column_text]Evet. T\u00fcm e-ticaret aray\u00fcz tasar\u0131mlar\u0131m\u0131z\u0131 \u0130stek ve beklentilerinize \u00f6zel olarak ger\u00e7ekle\u015ftiriyoruz. E-ticaret web siteniz yay\u0131na al\u0131nmadan \u00f6nce demo aray\u00fcz\u00fc sizlerle payla\u015f\u0131larak onaylar\u0131n\u0131za sunulur. Talep edece\u011finiz ekstra revizyon talepleriniz tekrar i\u015fleme al\u0131n\u0131r. Yay\u0131na haz\u0131r hale getirilir.[\/vc_column_text]\t<\/div>\n<\/div><h6 class=\"edgtf-accordion-title\">\n\t<span class=\"edgtf-tab-title\">Web Paketleriniz Google, Yandex vb. Arama Motorlar\u0131 \u0130le Uyumlu mudur?<\/span>\n    <span class=\"edgtf-accordion-mark\">\n\t\t<span class=\"edgtf-accordion-mark-icon\">\n\t\t\t<span class=\"icon_plus\"><\/span>\n\t\t\t<span class=\"icon_close\"><\/span>\n\t\t<\/span>\n\t<\/span>\n<\/h6>\n<div class=\"edgtf-accordion-content\">\n\t<div class=\"edgtf-accordion-content-inner\">\n\t\t[vc_column_text]T\u00fcm web yaz\u0131l\u0131m paketlerimiz arama motorlar\u0131n\u0131n belirlemi\u015f oldu\u011fu yaz\u0131l\u0131m kurallar\u0131na uygun bir \u015fekilde geli\u015ftirilmi\u015ftir. Google Analytics \u00fczerinden raporlama ve d\u00f6n\u00fc\u015f\u00fcm takibi yapabilirsiniz.[\/vc_column_text]\t<\/div>\n<\/div><h6 class=\"edgtf-accordion-title\">\n\t<span class=\"edgtf-tab-title\">Web tasar\u0131m fiyatlar\u0131 neye g\u00f6re belirlenmektedir?<\/span>\n    <span class=\"edgtf-accordion-mark\">\n\t\t<span class=\"edgtf-accordion-mark-icon\">\n\t\t\t<span class=\"icon_plus\"><\/span>\n\t\t\t<span class=\"icon_close\"><\/span>\n\t\t<\/span>\n\t<\/span>\n<\/h6>\n<div class=\"edgtf-accordion-content\">\n\t<div class=\"edgtf-accordion-content-inner\">\n\t\t[vc_column_text]Web tasar\u0131m fiyatlar\u0131; \u0130\u015flenecek olan i\u00e7erik, sayfa say\u0131s\u0131, Yaz\u0131lacak olan web site yaz\u0131l\u0131m\u0131 web site i\u00e7inde ka\u00e7 dil olaca\u011f\u0131 SSL olup olmama durumu ve \u00e7e\u015fitli \u00f6zel formlara g\u00f6re fiyatland\u0131r\u0131lmaktad\u0131r.[\/vc_column_text]\t<\/div>\n<\/div><h6 class=\"edgtf-accordion-title\">\n\t<span class=\"edgtf-tab-title\">Web hosting ve domain se\u00e7imini siz mi yap\u0131yorsunuz?<\/span>\n    <span class=\"edgtf-accordion-mark\">\n\t\t<span class=\"edgtf-accordion-mark-icon\">\n\t\t\t<span class=\"icon_plus\"><\/span>\n\t\t\t<span class=\"icon_close\"><\/span>\n\t\t<\/span>\n\t<\/span>\n<\/h6>\n<div class=\"edgtf-accordion-content\">\n\t<div class=\"edgtf-accordion-content-inner\">\n\t\t[vc_column_text]Evet. Sizin yerinize web hosting ve domain se\u00e7imi yaparak gerekli tescil i\u015flemlerini ger\u00e7ekle\u015ftirebiliyoruz. Ayl\u0131k ve birka\u00e7 y\u0131ll\u0131k \u015fekilde yap\u0131labilmektedir. Zaman\u0131 geldi\u011finde gerekli uzatma i\u015flemlerini sizin yerinize de ger\u00e7ekle\u015ftirebilmekteyiz.[\/vc_column_text]\t<\/div>\n<\/div><\/div>[vc_empty_space height=&#8221;40px&#8221;][\/vc_column][vc_column offset=&#8221;vc_col-lg-6 vc_col-md-12&#8243;]<div class=\"edgtf-elements-holder   edgtf-one-column  edgtf-responsive-mode-768 \" ><div class=\"edgtf-eh-item     \"  data-item-class=\"edgtf-eh-custom-7053\" data-769-1024=\"60px 0 6% 0\" data-681-768=\"40px 0 45px 0\" data-680=\"0 0 40px 0\">\n\t<div class=\"edgtf-eh-item-inner\">\n\t\t<div class=\"edgtf-eh-item-content edgtf-eh-custom-7053\" style=\"padding: 94px 0 0 0\">\n\t\t\t<div class=\"edgtf-single-image-holder   \">\n    <div class=\"edgtf-si-inner\" >\n                                    <img loading=\"lazy\" decoding=\"async\" width=\"634\" height=\"536\" src=\"https:\/\/meshyazilim.com\/wp-content\/uploads\/2018\/03\/Faq-accordion-img.jpg\" class=\"attachment-full size-full\" alt=\"a\" srcset=\"https:\/\/meshyazilim.com\/wp-content\/uploads\/2018\/03\/Faq-accordion-img.jpg 634w, https:\/\/meshyazilim.com\/wp-content\/uploads\/2018\/03\/Faq-accordion-img-600x507.jpg 600w, https:\/\/meshyazilim.com\/wp-content\/uploads\/2018\/03\/Faq-accordion-img-300x254.jpg 300w\" sizes=\"auto, (max-width: 634px) 100vw, 634px\" \/>                        <\/div>\n<\/div>\t\t<\/div>\n\t<\/div>\n\t\t<\/div><\/div>[\/vc_column][\/vc_row]<\/p>\n","protected":false},"excerpt":{"rendered":"<p>[vc_row row_content_width=&#8221;grid&#8221; css=&#8221;.vc_custom_1521814158046{padding-top: 100px !important;}&#8221;][vc_column offset=&#8221;vc_col-lg-6 vc_col-md-12&#8243;][\/vc_column][vc_column offset=&#8221;vc_col-lg-6 vc_col-md-12&#8243;][\/vc_column][\/vc_row][vc_row row_content_width=&#8221;grid&#8221; css=&#8221;.vc_custom_1522324064304{padding-top: 96px !important;padding-bottom: 90px !important;}&#8221; simple_background_color=&#8221;#f2f1f1&#8243;][vc_column offset=&#8221;vc_col-lg-6 vc_col-md-12&#8243;][vc_column_text] Sorulardan Baz\u0131lar\u0131 [\/vc_column_text][vc_empty_space height=&#8221;25px&#8221;][vc_empty_space height=&#8221;40px&#8221;][\/vc_column][vc_column offset=&#8221;vc_col-lg-6 vc_col-md-12&#8243;][\/vc_column][\/vc_row]<\/p>\n","protected":false},"author":1,"featured_media":0,"parent":0,"menu_order":0,"comment_status":"closed","ping_status":"closed","template":"full-width.php","meta":{"footnotes":""},"class_list":["post-4475","page","type-page","status-publish","hentry"],"_links":{"self":[{"href":"https:\/\/meshyazilim.com\/tr\/wp-json\/wp\/v2\/pages\/4475","targetHints":{"allow":["GET"]}}],"collection":[{"href":"https:\/\/meshyazilim.com\/tr\/wp-json\/wp\/v2\/pages"}],"about":[{"href":"https:\/\/meshyazilim.com\/tr\/wp-json\/wp\/v2\/types\/page"}],"author":[{"embeddable":true,"href":"https:\/\/meshyazilim.com\/tr\/wp-json\/wp\/v2\/users\/1"}],"replies":[{"embeddable":true,"href":"https:\/\/meshyazilim.com\/tr\/wp-json\/wp\/v2\/comments?post=4475"}],"version-history":[{"count":6,"href":"https:\/\/meshyazilim.com\/tr\/wp-json\/wp\/v2\/pages\/4475\/revisions"}],"predecessor-version":[{"id":5148,"href":"https:\/\/meshyazilim.com\/tr\/wp-json\/wp\/v2\/pages\/4475\/revisions\/5148"}],"wp:attachment":[{"href":"https:\/\/meshyazilim.com\/tr\/wp-json\/wp\/v2\/media?parent=4475"}],"curies":[{"name":"wp","href":"https:\/\/api.w.org\/{rel}","templated":true}]}}